{"id":286,"date":"2025-07-08T00:37:22","date_gmt":"2025-07-07T23:37:22","guid":{"rendered":"https:\/\/cooperact.org\/?page_id=286"},"modified":"2025-08-08T19:07:29","modified_gmt":"2025-08-08T18:07:29","slug":"notre-mission","status":"publish","type":"page","link":"https:\/\/cooperact.org\/en\/notre-mission\/","title":{"rendered":"Our mission"},"content":{"rendered":"<div data-elementor-type=\"wp-page\" data-elementor-id=\"286\" class=\"elementor elementor-286\">\n\t\t\t\t\t\t<section class=\"elementor-section elementor-top-section elementor-element elementor-element-e8c996d elementor-section-boxed elementor-section-height-default elementor-section-height-default\" data-id=\"e8c996d\" data-element_type=\"section\" data-e-type=\"section\" data-settings=\"{&quot;background_background&quot;:&quot;classic&quot;}\">\n\t\t\t\t\t\t<div class=\"elementor-container elementor-column-gap-no\">\n\t\t\t\t\t<div class=\"elementor-column elementor-col-100 elementor-top-column elementor-element elementor-element-635e149\" data-id=\"635e149\" data-element_type=\"column\" data-e-type=\"column\">\n\t\t\t<div class=\"elementor-widget-wrap elementor-element-populated\">\n\t\t\t\t\t\t<div class=\"elementor-element elementor-element-6c10f8d elementor-widget elementor-widget-heading\" data-id=\"6c10f8d\" data-element_type=\"widget\" data-e-type=\"widget\" data-widget_type=\"heading.default\">\n\t\t\t\t\t<h1 class=\"elementor-heading-title elementor-size-default\">Our mission<\/h1>\t\t\t\t<\/div>\n\t\t\t\t\t<\/div>\n\t\t<\/div>\n\t\t\t\t\t<\/div>\n\t\t<\/section>\n\t\t\t\t<section class=\"elementor-section elementor-top-section elementor-element elementor-element-9ace42a elementor-section-content-bottom elementor-section-boxed elementor-section-height-default elementor-section-height-default\" data-id=\"9ace42a\" data-element_type=\"section\" data-e-type=\"section\">\n\t\t\t\t\t\t<div class=\"elementor-container elementor-column-gap-no\">\n\t\t\t\t\t<div class=\"elementor-column elementor-col-50 elementor-top-column elementor-element elementor-element-c637d15\" data-id=\"c637d15\" data-element_type=\"column\" data-e-type=\"column\">\n\t\t\t<div class=\"elementor-widget-wrap elementor-element-populated\">\n\t\t\t\t\t\t<div class=\"elementor-element elementor-element-68f3d66 elementor-widget__width-initial elementor-widget-tablet__width-initial elementor-widget-mobile__width-inherit elementor-invisible elementor-widget elementor-widget-heading\" data-id=\"68f3d66\" data-element_type=\"widget\" data-e-type=\"widget\" data-settings=\"{&quot;_animation&quot;:&quot;fadeInLeft&quot;}\" data-widget_type=\"heading.default\">\n\t\t\t\t\t<h2 class=\"elementor-heading-title elementor-size-default\">At Coop\u00e9rAction Resilience, our mission is clear:\nTo rebuild sustainably, with women at the heart of the action.<\/h2>\t\t\t\t<\/div>\n\t\t\t\t<div class=\"elementor-element elementor-element-3328513 elementor-widget__width-initial elementor-widget-mobile__width-inherit elementor-invisible elementor-widget elementor-widget-text-editor\" data-id=\"3328513\" data-element_type=\"widget\" data-e-type=\"widget\" data-settings=\"{&quot;_animation&quot;:&quot;fadeInLeft&quot;}\" data-widget_type=\"text-editor.default\">\n\t\t\t\t\t\t\t\t\t<p>In a post-earthquake context, where needs go far beyond humanitarian emergency, we have chosen to invest in the future. Our goal is to support rural women\u2019s cooperatives by providing them with the tools needed to restart production, strengthen their skills, and create innovative, viable, and resilient economic models.<\/p>\t\t\t\t\t\t\t\t<\/div>\n\t\t\t\t\t<\/div>\n\t\t<\/div>\n\t\t\t\t<div class=\"elementor-column elementor-col-50 elementor-top-column elementor-element elementor-element-47703c0 elementor-invisible\" data-id=\"47703c0\" data-element_type=\"column\" data-e-type=\"column\" data-settings=\"{&quot;background_background&quot;:&quot;classic&quot;,&quot;animation&quot;:&quot;fadeInUp&quot;}\">\n\t\t\t<div class=\"elementor-widget-wrap elementor-element-populated\">\n\t\t\t\t\t\t<div class=\"elementor-element elementor-element-223b5c5 elementor-widget__width-initial elementor-widget elementor-widget-image\" data-id=\"223b5c5\" data-element_type=\"widget\" data-e-type=\"widget\" data-widget_type=\"image.default\">\n\t\t\t\t\t\t\t\t\t\t\t\t\t\t\t<img fetchpriority=\"high\" decoding=\"async\" width=\"724\" height=\"1024\" src=\"https:\/\/cooperact.org\/wp-content\/uploads\/2025\/07\/notremission-724x1024.jpg\" class=\"attachment-large size-large wp-image-291\" alt=\"\" srcset=\"https:\/\/cooperact.org\/wp-content\/uploads\/2025\/07\/notremission-724x1024.jpg 724w, https:\/\/cooperact.org\/wp-content\/uploads\/2025\/07\/notremission-212x300.jpg 212w, https:\/\/cooperact.org\/wp-content\/uploads\/2025\/07\/notremission-768x1086.jpg 768w, https:\/\/cooperact.org\/wp-content\/uploads\/2025\/07\/notremission-1087x1536.jpg 1087w, https:\/\/cooperact.org\/wp-content\/uploads\/2025\/07\/notremission-8x12.jpg 8w, https:\/\/cooperact.org\/wp-content\/uploads\/2025\/07\/notremission.jpg 1415w\" sizes=\"(max-width: 724px) 100vw, 724px\" \/>\t\t\t\t\t\t\t\t\t\t\t\t\t\t\t<\/div>\n\t\t\t\t<div class=\"elementor-element elementor-element-082b8cf elementor-widget__width-initial elementor-widget elementor-widget-image\" data-id=\"082b8cf\" data-element_type=\"widget\" data-e-type=\"widget\" data-widget_type=\"image.default\">\n\t\t\t\t\t\t\t\t\t\t\t\t\t\t\t<img decoding=\"async\" width=\"724\" height=\"1024\" src=\"https:\/\/cooperact.org\/wp-content\/uploads\/2025\/07\/notremission2-724x1024.jpg\" class=\"attachment-large size-large wp-image-292\" alt=\"\" srcset=\"https:\/\/cooperact.org\/wp-content\/uploads\/2025\/07\/notremission2-724x1024.jpg 724w, https:\/\/cooperact.org\/wp-content\/uploads\/2025\/07\/notremission2-212x300.jpg 212w, https:\/\/cooperact.org\/wp-content\/uploads\/2025\/07\/notremission2-768x1086.jpg 768w, https:\/\/cooperact.org\/wp-content\/uploads\/2025\/07\/notremission2-1087x1536.jpg 1087w, https:\/\/cooperact.org\/wp-content\/uploads\/2025\/07\/notremission2-8x12.jpg 8w, https:\/\/cooperact.org\/wp-content\/uploads\/2025\/07\/notremission2.jpg 1415w\" sizes=\"(max-width: 724px) 100vw, 724px\" \/>\t\t\t\t\t\t\t\t\t\t\t\t\t\t\t<\/div>\n\t\t\t\t\t<\/div>\n\t\t<\/div>\n\t\t\t\t\t<\/div>\n\t\t<\/section>\n\t\t\t\t<section class=\"elementor-section elementor-top-section elementor-element elementor-element-5b7f894 elementor-section-boxed elementor-section-height-default elementor-section-height-default\" data-id=\"5b7f894\" data-element_type=\"section\" data-e-type=\"section\" data-settings=\"{&quot;background_background&quot;:&quot;classic&quot;}\">\n\t\t\t\t\t\t\t<div class=\"elementor-background-overlay\"><\/div>\n\t\t\t\t\t\t\t<div class=\"elementor-container elementor-column-gap-no\">\n\t\t\t\t\t<div class=\"elementor-column elementor-col-100 elementor-top-column elementor-element elementor-element-3709a33\" data-id=\"3709a33\" data-element_type=\"column\" data-e-type=\"column\">\n\t\t\t<div class=\"elementor-widget-wrap elementor-element-populated\">\n\t\t\t\t\t\t<div class=\"elementor-element elementor-element-1f19f6f elementor-invisible elementor-widget elementor-widget-text-editor\" data-id=\"1f19f6f\" data-element_type=\"widget\" data-e-type=\"widget\" data-settings=\"{&quot;_animation&quot;:&quot;fadeInUp&quot;}\" data-widget_type=\"text-editor.default\">\n\t\t\t\t\t\t\t\t\t<p>Through targeted training, technical support, assistance with digitalization, and sales development, we work hand in hand with women so they can become active agents of their own economic recovery.<\/p><p><em>Because every cooperative revived is a <strong>family supported<\/strong>.<\/em><\/p><p><em>Because every woman empowered is a <strong>community strengthened<\/strong>.<\/em><\/p><p><em>Because resilience cannot be decreed, <strong>it must be built<\/strong>.<\/em><\/p>\t\t\t\t\t\t\t\t<\/div>\n\t\t\t\t\t<\/div>\n\t\t<\/div>\n\t\t\t\t\t<\/div>\n\t\t<\/section>\n\t\t\t\t<section class=\"elementor-section elementor-top-section elementor-element elementor-element-2f270f5 elementor-section-content-bottom elementor-section-boxed elementor-section-height-default elementor-section-height-default\" data-id=\"2f270f5\" data-element_type=\"section\" data-e-type=\"section\" data-settings=\"{&quot;background_background&quot;:&quot;classic&quot;}\">\n\t\t\t\t\t\t\t<div class=\"elementor-background-overlay\"><\/div>\n\t\t\t\t\t\t\t<div class=\"elementor-container elementor-column-gap-no\">\n\t\t\t\t\t<div class=\"elementor-column elementor-col-100 elementor-top-column elementor-element elementor-element-e1f9007 elementor-invisible\" data-id=\"e1f9007\" data-element_type=\"column\" data-e-type=\"column\" data-settings=\"{&quot;animation&quot;:&quot;fadeInLeft&quot;}\">\n\t\t\t<div class=\"elementor-widget-wrap elementor-element-populated\">\n\t\t\t\t\t\t<div class=\"elementor-element elementor-element-b5dffca elementor-widget elementor-widget-heading\" data-id=\"b5dffca\" data-element_type=\"widget\" data-e-type=\"widget\" data-widget_type=\"heading.default\">\n\t\t\t\t\t<h2 class=\"elementor-heading-title elementor-size-default\">Our Impact<\/h2>\t\t\t\t<\/div>\n\t\t\t\t<div class=\"elementor-element elementor-element-7a07eda elementor-widget elementor-widget-text-editor\" data-id=\"7a07eda\" data-element_type=\"widget\" data-e-type=\"widget\" data-widget_type=\"text-editor.default\">\n\t\t\t\t\t\t\t\t\t<p>Coop\u00e9rAction Resilience is more than an economic recovery project. It is a lever for sustainable transformation in the rural areas affected by the earthquake. Our impact is measured as much in numbers as in lives changed.<\/p>\t\t\t\t\t\t\t\t<\/div>\n\t\t\t\t<div class=\"elementor-element elementor-element-8a82d9f elementor-widget elementor-widget-text-editor\" data-id=\"8a82d9f\" data-element_type=\"widget\" data-e-type=\"widget\" data-widget_type=\"text-editor.default\">\n\t\t\t\t\t\t\t\t\t<p><strong>Expected results<\/strong><\/p><p><em>In the short term:<\/em><\/p><ul><li>Revival of economic activity after the earthquake<\/li><li>Implementation of practical training in production, management, marketing, and quality<\/li><li>Development of personalized strategic plans for each cooperative<\/li><li>Intensive support for 3 pilot cooperatives with continuous technical follow-up<\/li><li>Creation of a database of cooperatives in the Taroudant province<\/li><\/ul><p>\u00a0<\/p><p><em>In the long term:<\/em><\/p><ul><li>Economic autonomy and financial stability of cooperatives<\/li><li>Creation of a solidarity-based cooperative network between villages<\/li><li>Reduction of dependence on intermediaries and strengthening of direct sales<\/li><li>Digitalization of sales through a dedicated online platform<\/li><li>Sustainable improvement of living conditions for members and their families<\/li><li>Reduction of gender inequalities in the rural economy<\/li><li>Creation of a Union of Cooperatives in Taroudant to pool efforts, collectively respond to economic challenges, and adapt to the rapid transformations of the market and consumer expectations.<\/li><\/ul>\t\t\t\t\t\t\t\t<\/div>\n\t\t\t\t\t<\/div>\n\t\t<\/div>\n\t\t\t\t\t<\/div>\n\t\t<\/section>\n\t\t\t\t<section class=\"elementor-section elementor-top-section elementor-element elementor-element-867eb5a elementor-section-boxed elementor-section-height-default elementor-section-height-default\" data-id=\"867eb5a\" data-element_type=\"section\" data-e-type=\"section\" data-settings=\"{&quot;background_background&quot;:&quot;classic&quot;}\">\n\t\t\t\t\t\t\t<div class=\"elementor-background-overlay\"><\/div>\n\t\t\t\t\t\t\t<div class=\"elementor-container elementor-column-gap-no\">\n\t\t\t\t\t<div class=\"elementor-column elementor-col-50 elementor-top-column elementor-element elementor-element-f973772\" data-id=\"f973772\" data-element_type=\"column\" data-e-type=\"column\">\n\t\t\t<div class=\"elementor-widget-wrap elementor-element-populated\">\n\t\t\t\t\t\t<div class=\"elementor-element elementor-element-952105d elementor-invisible elementor-widget elementor-widget-text-editor\" data-id=\"952105d\" data-element_type=\"widget\" data-e-type=\"widget\" data-settings=\"{&quot;_animation&quot;:&quot;fadeInUp&quot;}\" data-widget_type=\"text-editor.default\">\n\t\t\t\t\t\t\t\t\t<h4><strong>A human and territorial impact.<\/strong><\/h4><p>Behind each cooperative are dozens of families regaining stability and a future.<br \/>By restoring economic power to women, we revive social, educational, and community dynamics in the villages.<br \/>The impact goes beyond numbers: it is embodied in regained dignity, achieved autonomy, and the pride of producing and undertaking.<\/p>\t\t\t\t\t\t\t\t<\/div>\n\t\t\t\t\t<\/div>\n\t\t<\/div>\n\t\t\t\t<div class=\"elementor-column elementor-col-50 elementor-top-column elementor-element elementor-element-d05bc28\" data-id=\"d05bc28\" data-element_type=\"column\" data-e-type=\"column\">\n\t\t\t<div class=\"elementor-widget-wrap elementor-element-populated\">\n\t\t\t\t\t\t<div class=\"elementor-element elementor-element-bb2d9ca elementor-arrows-position-inside elementor-widget elementor-widget-image-carousel\" data-id=\"bb2d9ca\" data-element_type=\"widget\" data-e-type=\"widget\" data-settings=\"{&quot;slides_to_show&quot;:&quot;1&quot;,&quot;navigation&quot;:&quot;arrows&quot;,&quot;autoplay&quot;:&quot;yes&quot;,&quot;autoplay_speed&quot;:5000,&quot;infinite&quot;:&quot;yes&quot;,&quot;effect&quot;:&quot;slide&quot;,&quot;speed&quot;:500}\" data-widget_type=\"image-carousel.default\">\n\t\t\t\t\t\t\t<div class=\"elementor-image-carousel-wrapper swiper\" role=\"region\" aria-roledescription=\"carousel\" aria-label=\"Image Carousel\" dir=\"ltr\">\n\t\t\t<div class=\"elementor-image-carousel swiper-wrapper\" aria-live=\"off\">\n\t\t\t\t\t\t\t\t<div class=\"swiper-slide\" role=\"group\" aria-roledescription=\"slide\" aria-label=\"1 sur 5\"><figure class=\"swiper-slide-inner\"><img decoding=\"async\" class=\"swiper-slide-image\" src=\"https:\/\/cooperact.org\/wp-content\/uploads\/2025\/07\/impact.jpg\" alt=\"impact\" \/><\/figure><\/div><div class=\"swiper-slide\" role=\"group\" aria-roledescription=\"slide\" aria-label=\"2 sur 5\"><figure class=\"swiper-slide-inner\"><img decoding=\"async\" class=\"swiper-slide-image\" src=\"https:\/\/cooperact.org\/wp-content\/uploads\/2025\/07\/impact2.jpg\" alt=\"impact2\" \/><\/figure><\/div><div class=\"swiper-slide\" role=\"group\" aria-roledescription=\"slide\" aria-label=\"3 sur 5\"><figure class=\"swiper-slide-inner\"><img decoding=\"async\" class=\"swiper-slide-image\" src=\"https:\/\/cooperact.org\/wp-content\/uploads\/2025\/07\/impact3.jpg\" alt=\"impact3\" \/><\/figure><\/div><div class=\"swiper-slide\" role=\"group\" aria-roledescription=\"slide\" aria-label=\"4 sur 5\"><figure class=\"swiper-slide-inner\"><img decoding=\"async\" class=\"swiper-slide-image\" src=\"https:\/\/cooperact.org\/wp-content\/uploads\/2025\/07\/impact4.jpg\" alt=\"impact4\" \/><\/figure><\/div><div class=\"swiper-slide\" role=\"group\" aria-roledescription=\"slide\" aria-label=\"5 sur 5\"><figure class=\"swiper-slide-inner\"><img decoding=\"async\" class=\"swiper-slide-image\" src=\"https:\/\/cooperact.org\/wp-content\/uploads\/2025\/07\/impact5.jpg\" alt=\"impact5\" \/><\/figure><\/div>\t\t\t<\/div>\n\t\t\t\t\t\t\t\t\t\t\t\t<div class=\"elementor-swiper-button elementor-swiper-button-prev\" role=\"button\" tabindex=\"0\">\n\t\t\t\t\t\t<svg aria-hidden=\"true\" class=\"e-font-icon-svg e-eicon-chevron-left\" viewbox=\"0 0 1000 1000\" xmlns=\"http:\/\/www.w3.org\/2000\/svg\"><path d=\"M646 125C629 125 613 133 604 142L308 442C296 454 292 471 292 487 292 504 296 521 308 533L604 854C617 867 629 875 646 875 663 875 679 871 692 858 704 846 713 829 713 812 713 796 708 779 692 767L438 487 692 225C700 217 708 204 708 187 708 171 704 154 692 142 675 129 663 125 646 125Z\"><\/path><\/svg>\t\t\t\t\t<\/div>\n\t\t\t\t\t<div class=\"elementor-swiper-button elementor-swiper-button-next\" role=\"button\" tabindex=\"0\">\n\t\t\t\t\t\t<svg aria-hidden=\"true\" class=\"e-font-icon-svg e-eicon-chevron-right\" viewbox=\"0 0 1000 1000\" xmlns=\"http:\/\/www.w3.org\/2000\/svg\"><path d=\"M696 533C708 521 713 504 713 487 713 471 708 454 696 446L400 146C388 133 375 125 354 125 338 125 325 129 313 142 300 154 292 171 292 187 292 204 296 221 308 233L563 492 304 771C292 783 288 800 288 817 288 833 296 850 308 863 321 871 338 875 354 875 371 875 388 867 400 854L696 533Z\"><\/path><\/svg>\t\t\t\t\t<\/div>\n\t\t\t\t\n\t\t\t\t\t\t\t\t\t<\/div>\n\t\t\t\t\t\t<\/div>\n\t\t\t\t\t<\/div>\n\t\t<\/div>\n\t\t\t\t\t<\/div>\n\t\t<\/section>\n\t\t\t\t<\/div>","protected":false},"excerpt":{"rendered":"<p>Notre Mission Chez Coop\u00e9rAction R\u00e9silience, notre mission est claire : Reconstruire durablement, avec les femmes au c\u0153ur de l\u2019action. Dans un contexte post-s\u00e9isme, o\u00f9 les besoins vont bien au-del\u00e0 de l\u2019urgence humanitaire, nous avons choisi d\u2019investir dans l\u2019avenir. Notre objectif est de soutenir les coop\u00e9ratives f\u00e9minines rurales, en leur apportant les outils n\u00e9cessaires pour relancer [&hellip;]<\/p>\n","protected":false},"author":1,"featured_media":170,"parent":0,"menu_order":0,"comment_status":"closed","ping_status":"closed","template":"elementor_header_footer","meta":{"_eb_attr":"","footnotes":""},"class_list":["post-286","page","type-page","status-publish","has-post-thumbnail","hentry"],"yoast_head":"<!-- This site is optimized with the Yoast SEO plugin v27.5 - https:\/\/yoast.com\/product\/yoast-seo-wordpress\/ -->\n<title>Notre mission | Coop\u00e9rAction<\/title>\n<meta name=\"description\" content=\"Chez Coop\u00e9rAction R\u00e9silience, notre mission est claire : Reconstruire durablement, avec les femmes au c\u0153ur de l\u2019action.Dans un contexte post-s\u00e9isme, o\u00f9 les besoins vont bien au-del\u00e0 de l\u2019urgence humanitaire ...\" \/>\n<meta name=\"robots\" content=\"index, follow, max-snippet:-1, max-image-preview:large, max-video-preview:-1\" \/>\n<link rel=\"canonical\" href=\"https:\/\/cooperact.org\/en\/notre-mission\/\" \/>\n<meta property=\"og:locale\" content=\"en_US\" \/>\n<meta property=\"og:type\" content=\"article\" \/>\n<meta property=\"og:title\" content=\"Coop\u00e9rAction | Notre mission\" \/>\n<meta property=\"og:description\" content=\"Chez Coop\u00e9rAction R\u00e9silience, notre mission est claire : Reconstruire durablement, avec les femmes au c\u0153ur de l\u2019action.Dans un contexte post-s\u00e9isme, o\u00f9 les besoins vont bien au-del\u00e0 de l\u2019urgence humanitaire ...\" \/>\n<meta property=\"og:url\" content=\"https:\/\/cooperact.org\/en\/notre-mission\/\" \/>\n<meta property=\"og:site_name\" content=\"Coop\u00e9rAction\" \/>\n<meta property=\"article:modified_time\" content=\"2025-08-08T18:07:29+00:00\" \/>\n<meta property=\"og:image\" content=\"https:\/\/cooperact.org\/wp-content\/uploads\/2025\/07\/mainpict-1-scaled.jpg\" \/>\n\t<meta property=\"og:image:width\" content=\"2560\" \/>\n\t<meta property=\"og:image:height\" content=\"1766\" \/>\n\t<meta property=\"og:image:type\" content=\"image\/jpeg\" \/>\n<meta name=\"twitter:card\" content=\"summary_large_image\" \/>\n<meta name=\"twitter:label1\" content=\"Est. reading time\" \/>\n\t<meta name=\"twitter:data1\" content=\"4 minutes\" \/>\n<script type=\"application\/ld+json\" class=\"yoast-schema-graph\">{\"@context\":\"https:\\\/\\\/schema.org\",\"@graph\":[{\"@type\":\"WebPage\",\"@id\":\"https:\\\/\\\/cooperact.org\\\/notre-mission\\\/\",\"url\":\"https:\\\/\\\/cooperact.org\\\/notre-mission\\\/\",\"name\":\"Notre mission | Coop\u00e9rAction\",\"isPartOf\":{\"@id\":\"http:\\\/\\\/cooperact.org\\\/#website\"},\"primaryImageOfPage\":{\"@id\":\"https:\\\/\\\/cooperact.org\\\/notre-mission\\\/#primaryimage\"},\"image\":{\"@id\":\"https:\\\/\\\/cooperact.org\\\/notre-mission\\\/#primaryimage\"},\"thumbnailUrl\":\"https:\\\/\\\/cooperact.org\\\/wp-content\\\/uploads\\\/2025\\\/07\\\/mainpict-1-scaled.jpg\",\"datePublished\":\"2025-07-07T23:37:22+00:00\",\"dateModified\":\"2025-08-08T18:07:29+00:00\",\"description\":\"Chez Coop\u00e9rAction R\u00e9silience, notre mission est claire : Reconstruire durablement, avec les femmes au c\u0153ur de l\u2019action.Dans un contexte post-s\u00e9isme, o\u00f9 les besoins vont bien au-del\u00e0 de l\u2019urgence humanitaire ...\",\"breadcrumb\":{\"@id\":\"https:\\\/\\\/cooperact.org\\\/notre-mission\\\/#breadcrumb\"},\"inLanguage\":\"en-US\",\"potentialAction\":[{\"@type\":\"ReadAction\",\"target\":[\"https:\\\/\\\/cooperact.org\\\/notre-mission\\\/\"]}]},{\"@type\":\"ImageObject\",\"inLanguage\":\"en-US\",\"@id\":\"https:\\\/\\\/cooperact.org\\\/notre-mission\\\/#primaryimage\",\"url\":\"https:\\\/\\\/cooperact.org\\\/wp-content\\\/uploads\\\/2025\\\/07\\\/mainpict-1-scaled.jpg\",\"contentUrl\":\"https:\\\/\\\/cooperact.org\\\/wp-content\\\/uploads\\\/2025\\\/07\\\/mainpict-1-scaled.jpg\",\"width\":2560,\"height\":1766},{\"@type\":\"BreadcrumbList\",\"@id\":\"https:\\\/\\\/cooperact.org\\\/notre-mission\\\/#breadcrumb\",\"itemListElement\":[{\"@type\":\"ListItem\",\"position\":1,\"name\":\"Home\",\"item\":\"https:\\\/\\\/cooperact.org\\\/\"},{\"@type\":\"ListItem\",\"position\":2,\"name\":\"Notre mission\"}]},{\"@type\":\"WebSite\",\"@id\":\"http:\\\/\\\/cooperact.org\\\/#website\",\"url\":\"http:\\\/\\\/cooperact.org\\\/\",\"name\":\"Coop\u00e9rAction\",\"description\":\"Reconstruire durablement, avec les femmes au c\u0153ur de l\u2019action\",\"publisher\":{\"@id\":\"http:\\\/\\\/cooperact.org\\\/#organization\"},\"alternateName\":\"Coop\u00e9rAction R\u00e9silience\",\"potentialAction\":[{\"@type\":\"SearchAction\",\"target\":{\"@type\":\"EntryPoint\",\"urlTemplate\":\"http:\\\/\\\/cooperact.org\\\/?s={search_term_string}\"},\"query-input\":{\"@type\":\"PropertyValueSpecification\",\"valueRequired\":true,\"valueName\":\"search_term_string\"}}],\"inLanguage\":\"en-US\"},{\"@type\":\"Organization\",\"@id\":\"http:\\\/\\\/cooperact.org\\\/#organization\",\"name\":\"Coop\u00e9rAction R\u00e9silience\",\"url\":\"http:\\\/\\\/cooperact.org\\\/\",\"logo\":{\"@type\":\"ImageObject\",\"inLanguage\":\"en-US\",\"@id\":\"http:\\\/\\\/cooperact.org\\\/#\\\/schema\\\/logo\\\/image\\\/\",\"url\":\"https:\\\/\\\/cooperact.org\\\/wp-content\\\/uploads\\\/2025\\\/07\\\/LOGO-Cooperact-05-scaled.png\",\"contentUrl\":\"https:\\\/\\\/cooperact.org\\\/wp-content\\\/uploads\\\/2025\\\/07\\\/LOGO-Cooperact-05-scaled.png\",\"width\":2560,\"height\":2560,\"caption\":\"Coop\u00e9rAction R\u00e9silience\"},\"image\":{\"@id\":\"http:\\\/\\\/cooperact.org\\\/#\\\/schema\\\/logo\\\/image\\\/\"}}]}<\/script>\n<!-- \/ Yoast SEO plugin. -->","yoast_head_json":{"title":"Notre mission | Coop\u00e9rAction","description":"Chez Coop\u00e9rAction R\u00e9silience, notre mission est claire : Reconstruire durablement, avec les femmes au c\u0153ur de l\u2019action.Dans un contexte post-s\u00e9isme, o\u00f9 les besoins vont bien au-del\u00e0 de l\u2019urgence humanitaire ...","robots":{"index":"index","follow":"follow","max-snippet":"max-snippet:-1","max-image-preview":"max-image-preview:large","max-video-preview":"max-video-preview:-1"},"canonical":"https:\/\/cooperact.org\/en\/notre-mission\/","og_locale":"en_US","og_type":"article","og_title":"Coop\u00e9rAction | Notre mission","og_description":"Chez Coop\u00e9rAction R\u00e9silience, notre mission est claire : Reconstruire durablement, avec les femmes au c\u0153ur de l\u2019action.Dans un contexte post-s\u00e9isme, o\u00f9 les besoins vont bien au-del\u00e0 de l\u2019urgence humanitaire ...","og_url":"https:\/\/cooperact.org\/en\/notre-mission\/","og_site_name":"Coop\u00e9rAction","article_modified_time":"2025-08-08T18:07:29+00:00","og_image":[{"width":2560,"height":1766,"url":"https:\/\/cooperact.org\/wp-content\/uploads\/2025\/07\/mainpict-1-scaled.jpg","type":"image\/jpeg"}],"twitter_card":"summary_large_image","twitter_misc":{"Est. reading time":"4 minutes"},"schema":{"@context":"https:\/\/schema.org","@graph":[{"@type":"WebPage","@id":"https:\/\/cooperact.org\/notre-mission\/","url":"https:\/\/cooperact.org\/notre-mission\/","name":"Notre mission | Coop\u00e9rAction","isPartOf":{"@id":"http:\/\/cooperact.org\/#website"},"primaryImageOfPage":{"@id":"https:\/\/cooperact.org\/notre-mission\/#primaryimage"},"image":{"@id":"https:\/\/cooperact.org\/notre-mission\/#primaryimage"},"thumbnailUrl":"https:\/\/cooperact.org\/wp-content\/uploads\/2025\/07\/mainpict-1-scaled.jpg","datePublished":"2025-07-07T23:37:22+00:00","dateModified":"2025-08-08T18:07:29+00:00","description":"Chez Coop\u00e9rAction R\u00e9silience, notre mission est claire : Reconstruire durablement, avec les femmes au c\u0153ur de l\u2019action.Dans un contexte post-s\u00e9isme, o\u00f9 les besoins vont bien au-del\u00e0 de l\u2019urgence humanitaire ...","breadcrumb":{"@id":"https:\/\/cooperact.org\/notre-mission\/#breadcrumb"},"inLanguage":"en-US","potentialAction":[{"@type":"ReadAction","target":["https:\/\/cooperact.org\/notre-mission\/"]}]},{"@type":"ImageObject","inLanguage":"en-US","@id":"https:\/\/cooperact.org\/notre-mission\/#primaryimage","url":"https:\/\/cooperact.org\/wp-content\/uploads\/2025\/07\/mainpict-1-scaled.jpg","contentUrl":"https:\/\/cooperact.org\/wp-content\/uploads\/2025\/07\/mainpict-1-scaled.jpg","width":2560,"height":1766},{"@type":"BreadcrumbList","@id":"https:\/\/cooperact.org\/notre-mission\/#breadcrumb","itemListElement":[{"@type":"ListItem","position":1,"name":"Home","item":"https:\/\/cooperact.org\/"},{"@type":"ListItem","position":2,"name":"Notre mission"}]},{"@type":"WebSite","@id":"http:\/\/cooperact.org\/#website","url":"http:\/\/cooperact.org\/","name":"Coop\u00e9rAction","description":"Reconstruire durablement, avec les femmes au c\u0153ur de l\u2019action","publisher":{"@id":"http:\/\/cooperact.org\/#organization"},"alternateName":"Coop\u00e9rAction R\u00e9silience","potentialAction":[{"@type":"SearchAction","target":{"@type":"EntryPoint","urlTemplate":"http:\/\/cooperact.org\/?s={search_term_string}"},"query-input":{"@type":"PropertyValueSpecification","valueRequired":true,"valueName":"search_term_string"}}],"inLanguage":"en-US"},{"@type":"Organization","@id":"http:\/\/cooperact.org\/#organization","name":"Coop\u00e9rAction R\u00e9silience","url":"http:\/\/cooperact.org\/","logo":{"@type":"ImageObject","inLanguage":"en-US","@id":"http:\/\/cooperact.org\/#\/schema\/logo\/image\/","url":"https:\/\/cooperact.org\/wp-content\/uploads\/2025\/07\/LOGO-Cooperact-05-scaled.png","contentUrl":"https:\/\/cooperact.org\/wp-content\/uploads\/2025\/07\/LOGO-Cooperact-05-scaled.png","width":2560,"height":2560,"caption":"Coop\u00e9rAction R\u00e9silience"},"image":{"@id":"http:\/\/cooperact.org\/#\/schema\/logo\/image\/"}}]}},"_links":{"self":[{"href":"https:\/\/cooperact.org\/en\/wp-json\/wp\/v2\/pages\/286","targetHints":{"allow":["GET"]}}],"collection":[{"href":"https:\/\/cooperact.org\/en\/wp-json\/wp\/v2\/pages"}],"about":[{"href":"https:\/\/cooperact.org\/en\/wp-json\/wp\/v2\/types\/page"}],"author":[{"embeddable":true,"href":"https:\/\/cooperact.org\/en\/wp-json\/wp\/v2\/users\/1"}],"replies":[{"embeddable":true,"href":"https:\/\/cooperact.org\/en\/wp-json\/wp\/v2\/comments?post=286"}],"version-history":[{"count":5,"href":"https:\/\/cooperact.org\/en\/wp-json\/wp\/v2\/pages\/286\/revisions"}],"predecessor-version":[{"id":599,"href":"https:\/\/cooperact.org\/en\/wp-json\/wp\/v2\/pages\/286\/revisions\/599"}],"wp:featuredmedia":[{"embeddable":true,"href":"https:\/\/cooperact.org\/en\/wp-json\/wp\/v2\/media\/170"}],"wp:attachment":[{"href":"https:\/\/cooperact.org\/en\/wp-json\/wp\/v2\/media?parent=286"}],"curies":[{"name":"wp","href":"https:\/\/api.w.org\/{rel}","templated":true}]}}