{"id":3,"date":"2025-07-05T18:31:44","date_gmt":"2025-07-05T18:31:44","guid":{"rendered":"https:\/\/cooperact.org\/?page_id=3"},"modified":"2025-08-08T20:04:00","modified_gmt":"2025-08-08T19:04:00","slug":"politiques-de-confidentialite","status":"publish","type":"page","link":"https:\/\/cooperact.org\/en\/politiques-de-confidentialite\/","title":{"rendered":"Privacy policies"},"content":{"rendered":"<div data-elementor-type=\"wp-page\" data-elementor-id=\"3\" class=\"elementor elementor-3\">\n\t\t\t\t<div class=\"elementor-element elementor-element-18a846c6 e-flex e-con-boxed e-con e-parent\" data-id=\"18a846c6\" data-element_type=\"container\" data-e-type=\"container\">\n\t\t\t\t\t<div class=\"e-con-inner\">\n\t\t\t\t<div class=\"elementor-element elementor-element-db3684a elementor-widget elementor-widget-text-editor\" data-id=\"db3684a\" data-element_type=\"widget\" data-e-type=\"widget\" data-widget_type=\"text-editor.default\">\n\t\t\t\t\t\t\t\t\t\n<p data-start=\"225\" data-end=\"259\">Derni\u00e8re mise \u00e0 jour : 8 ao\u00fbt 2025<\/p>\n<p data-start=\"261\" data-end=\"454\">Le site <strong data-start=\"269\" data-end=\"286\">CooperAct.org<\/strong> est g\u00e9r\u00e9 par l&rsquo;organisme \u00ab\u00a0Association Jeunes d&rsquo;Atlas\u00a0\u00bb bas\u00e9 \u00e0 l\u2019adresse suivante :<br data-start=\"343\" data-end=\"346\" \/><strong data-start=\"346\" data-end=\"407\">RN10, Complexe socio-\u00e9ducatif Mhaita, Taroudant, MA 83000<\/strong><br data-start=\"407\" data-end=\"410\" \/>Courriel : <strong data-start=\"424\" data-end=\"454\"><a class=\"cursor-pointer\" rel=\"noopener\" data-start=\"426\" data-end=\"452\">jeunesdatlasinfo@gmail.com<\/a><\/strong><\/p>\n<p data-start=\"456\" data-end=\"649\">Nous accordons une grande importance \u00e0 la confidentialit\u00e9 de nos visiteurs. Cette page vise \u00e0 vous informer de mani\u00e8re transparente sur la collecte et l\u2019utilisation de vos donn\u00e9es personnelles.<\/p>\n<h4 class=\"wp-block-heading\" data-start=\"651\" data-end=\"673\">Collecte de donn\u00e9es<\/h4>\n<p data-start=\"675\" data-end=\"949\">Nous ne recueillons <strong data-start=\"695\" data-end=\"724\">aucune donn\u00e9e personnelle<\/strong> lors de votre navigation sur ce site, \u00e0 <strong data-start=\"765\" data-end=\"780\">l\u2019exception<\/strong> des informations que vous choisissez de nous transmettre volontairement via le formulaire de contact sur la page <strong data-start=\"894\" data-end=\"948\"><a class=\"cursor-pointer\" target=\"_new\" rel=\"noopener\" data-start=\"896\" data-end=\"946\">Join us<\/a><\/strong>.<\/p>\n<h4 data-start=\"951\" data-end=\"976\">Formulaire de contact<\/h4>\n<p data-start=\"978\" data-end=\"1071\">Lorsque vous utilisez le formulaire de contact, nous recueillons les informations suivantes :<\/p>\n<ul data-start=\"1073\" data-end=\"1205\">\n<li data-start=\"1073\" data-end=\"1098\">\n<p data-start=\"1075\" data-end=\"1098\">Votre <strong data-start=\"1081\" data-end=\"1096\">nom complet<\/strong><\/p>\n<\/li>\n<li data-start=\"1099\" data-end=\"1137\">\n<p data-start=\"1101\" data-end=\"1137\">Votre <strong data-start=\"1107\" data-end=\"1135\">adresse courriel (email)<\/strong><\/p>\n<\/li>\n<li data-start=\"1138\" data-end=\"1171\">\n<p data-start=\"1140\" data-end=\"1171\">Le <strong data-start=\"1143\" data-end=\"1152\">sujet<\/strong> de votre message<\/p>\n<\/li>\n<li data-start=\"1172\" data-end=\"1205\">\n<p data-start=\"1174\" data-end=\"1205\">Le <strong data-start=\"1177\" data-end=\"1188\">contenu<\/strong> de votre message<\/p>\n<\/li>\n<\/ul>\n<p data-start=\"1207\" data-end=\"1420\">Ces informations sont utilis\u00e9es uniquement pour <strong data-start=\"1255\" data-end=\"1283\">r\u00e9pondre \u00e0 votre demande<\/strong> ou vous recontacter dans le cadre de votre message. Elles ne sont en aucun cas partag\u00e9es, vendues ou utilis\u00e9es \u00e0 des fins publicitaires.<\/p>\n<h4 data-start=\"1422\" data-end=\"1432\">Cookies<\/h4>\n<p data-start=\"1434\" data-end=\"1539\">Le site <strong data-start=\"1442\" data-end=\"1459\">CooperAct.org<\/strong> <strong data-start=\"1460\" data-end=\"1488\">n\u2019utilise pas de cookies<\/strong> ou de technologies similaires \u00e0 des fins de suivi.<\/p>\n<h4 data-start=\"1541\" data-end=\"1564\">S\u00e9curit\u00e9 des donn\u00e9es<\/h4>\n<p data-start=\"1566\" data-end=\"1787\">Nous mettons tout en \u0153uvre pour assurer la confidentialit\u00e9 des donn\u00e9es que vous nous transmettez. Toutefois, comme toute transmission via Internet comporte un certain risque, nous ne pouvons garantir une s\u00e9curit\u00e9 absolue.<\/p>\n<h4 data-start=\"1789\" data-end=\"1802\">Vos droits<\/h4>\n<p data-start=\"1804\" data-end=\"2010\">Vous avez le droit de demander la <strong data-start=\"1838\" data-end=\"1854\">modification<\/strong> ou la <strong data-start=\"1861\" data-end=\"1876\">suppression<\/strong> des donn\u00e9es personnelles que vous nous avez communiqu\u00e9es. Pour ce faire, veuillez nous \u00e9crire \u00e0 :<br data-start=\"1974\" data-end=\"1977\" \/><strong data-start=\"1980\" data-end=\"2010\"><a class=\"cursor-pointer\" rel=\"noopener\" data-start=\"1982\" data-end=\"2008\">jeunesdatlasinfo@gmail.com<\/a><\/strong><\/p>\n<h4 data-start=\"2012\" data-end=\"2022\">Contact<\/h4>\n<p data-start=\"2024\" data-end=\"2161\">Pour toute question relative \u00e0 cette politique de confidentialit\u00e9, n\u2019h\u00e9sitez pas \u00e0 nous contacter \u00e0 :<br data-start=\"2125\" data-end=\"2128\" \/><strong data-start=\"2131\" data-end=\"2161\"><a class=\"cursor-pointer\" rel=\"noopener\" data-start=\"2133\" data-end=\"2159\">jeunesdatlasinfo@gmail.com<\/a><\/strong><\/p>\t\t\t\t\t\t\t\t<\/div>\n\t\t\t\t\t<\/div>\n\t\t\t\t<\/div>\n\t\t\t\t<\/div>","protected":false},"excerpt":{"rendered":"<p>Derni\u00e8re mise \u00e0 jour : 8 ao\u00fbt 2025 Le site CooperAct.org est g\u00e9r\u00e9 par l&rsquo;organisme \u00ab\u00a0Association Jeunes d&rsquo;Atlas\u00a0\u00bb bas\u00e9 \u00e0 l\u2019adresse suivante :RN10, Complexe socio-\u00e9ducatif Mhaita, Taroudant, MA 83000Courriel : jeunesdatlasinfo@gmail.com Nous accordons une grande importance \u00e0 la confidentialit\u00e9 de nos visiteurs. Cette page vise \u00e0 vous informer de mani\u00e8re transparente sur la collecte et [&hellip;]<\/p>\n","protected":false},"author":1,"featured_media":0,"parent":0,"menu_order":0,"comment_status":"closed","ping_status":"open","template":"","meta":{"_eb_attr":"","footnotes":""},"class_list":["post-3","page","type-page","status-publish","hentry"],"yoast_head":"<!-- This site is optimized with the Yoast SEO plugin v27.5 - https:\/\/yoast.com\/product\/yoast-seo-wordpress\/ -->\n<title>Politiques de confidentialit\u00e9 | Coop\u00e9rAction<\/title>\n<meta name=\"robots\" content=\"index, follow, max-snippet:-1, max-image-preview:large, max-video-preview:-1\" \/>\n<link rel=\"canonical\" href=\"https:\/\/cooperact.org\/en\/politiques-de-confidentialite\/\" \/>\n<meta property=\"og:locale\" content=\"en_US\" \/>\n<meta property=\"og:type\" content=\"article\" \/>\n<meta property=\"og:title\" content=\"Politiques de confidentialit\u00e9 | Coop\u00e9rAction\" \/>\n<meta property=\"og:description\" content=\"Derni\u00e8re mise \u00e0 jour : 8 ao\u00fbt 2025 Le site CooperAct.org est g\u00e9r\u00e9 par l&rsquo;organisme \u00ab\u00a0Association Jeunes d&rsquo;Atlas\u00a0\u00bb bas\u00e9 \u00e0 l\u2019adresse suivante :RN10, Complexe socio-\u00e9ducatif Mhaita, Taroudant, MA 83000Courriel : jeunesdatlasinfo@gmail.com Nous accordons une grande importance \u00e0 la confidentialit\u00e9 de nos visiteurs. Cette page vise \u00e0 vous informer de mani\u00e8re transparente sur la collecte et [&hellip;]\" \/>\n<meta property=\"og:url\" content=\"https:\/\/cooperact.org\/en\/politiques-de-confidentialite\/\" \/>\n<meta property=\"og:site_name\" content=\"Coop\u00e9rAction\" \/>\n<meta property=\"article:modified_time\" content=\"2025-08-08T19:04:00+00:00\" \/>\n<meta property=\"og:image\" content=\"https:\/\/cooperact.org\/wp-content\/uploads\/2025\/07\/mainpict3-scaled.jpg\" \/>\n\t<meta property=\"og:image:width\" content=\"2560\" \/>\n\t<meta property=\"og:image:height\" content=\"1766\" \/>\n\t<meta property=\"og:image:type\" content=\"image\/jpeg\" \/>\n<meta name=\"twitter:card\" content=\"summary_large_image\" \/>\n<meta name=\"twitter:label1\" content=\"Est. reading time\" \/>\n\t<meta name=\"twitter:data1\" content=\"2 minutes\" \/>\n<script type=\"application\/ld+json\" class=\"yoast-schema-graph\">{\"@context\":\"https:\\\/\\\/schema.org\",\"@graph\":[{\"@type\":\"WebPage\",\"@id\":\"https:\\\/\\\/cooperact.org\\\/politiques-de-confidentialite\\\/\",\"url\":\"https:\\\/\\\/cooperact.org\\\/politiques-de-confidentialite\\\/\",\"name\":\"Politiques de confidentialit\u00e9 | Coop\u00e9rAction\",\"isPartOf\":{\"@id\":\"http:\\\/\\\/cooperact.org\\\/#website\"},\"datePublished\":\"2025-07-05T18:31:44+00:00\",\"dateModified\":\"2025-08-08T19:04:00+00:00\",\"breadcrumb\":{\"@id\":\"https:\\\/\\\/cooperact.org\\\/politiques-de-confidentialite\\\/#breadcrumb\"},\"inLanguage\":\"en-US\",\"potentialAction\":[{\"@type\":\"ReadAction\",\"target\":[\"https:\\\/\\\/cooperact.org\\\/politiques-de-confidentialite\\\/\"]}]},{\"@type\":\"BreadcrumbList\",\"@id\":\"https:\\\/\\\/cooperact.org\\\/politiques-de-confidentialite\\\/#breadcrumb\",\"itemListElement\":[{\"@type\":\"ListItem\",\"position\":1,\"name\":\"Home\",\"item\":\"https:\\\/\\\/cooperact.org\\\/\"},{\"@type\":\"ListItem\",\"position\":2,\"name\":\"Politiques de confidentialit\u00e9\"}]},{\"@type\":\"WebSite\",\"@id\":\"http:\\\/\\\/cooperact.org\\\/#website\",\"url\":\"http:\\\/\\\/cooperact.org\\\/\",\"name\":\"Coop\u00e9rAction\",\"description\":\"Reconstruire durablement, avec les femmes au c\u0153ur de l\u2019action\",\"publisher\":{\"@id\":\"http:\\\/\\\/cooperact.org\\\/#organization\"},\"alternateName\":\"Coop\u00e9rAction R\u00e9silience\",\"potentialAction\":[{\"@type\":\"SearchAction\",\"target\":{\"@type\":\"EntryPoint\",\"urlTemplate\":\"http:\\\/\\\/cooperact.org\\\/?s={search_term_string}\"},\"query-input\":{\"@type\":\"PropertyValueSpecification\",\"valueRequired\":true,\"valueName\":\"search_term_string\"}}],\"inLanguage\":\"en-US\"},{\"@type\":\"Organization\",\"@id\":\"http:\\\/\\\/cooperact.org\\\/#organization\",\"name\":\"Coop\u00e9rAction R\u00e9silience\",\"url\":\"http:\\\/\\\/cooperact.org\\\/\",\"logo\":{\"@type\":\"ImageObject\",\"inLanguage\":\"en-US\",\"@id\":\"http:\\\/\\\/cooperact.org\\\/#\\\/schema\\\/logo\\\/image\\\/\",\"url\":\"https:\\\/\\\/cooperact.org\\\/wp-content\\\/uploads\\\/2025\\\/07\\\/LOGO-Cooperact-05-scaled.png\",\"contentUrl\":\"https:\\\/\\\/cooperact.org\\\/wp-content\\\/uploads\\\/2025\\\/07\\\/LOGO-Cooperact-05-scaled.png\",\"width\":2560,\"height\":2560,\"caption\":\"Coop\u00e9rAction R\u00e9silience\"},\"image\":{\"@id\":\"http:\\\/\\\/cooperact.org\\\/#\\\/schema\\\/logo\\\/image\\\/\"}}]}<\/script>\n<!-- \/ Yoast SEO plugin. -->","yoast_head_json":{"title":"Politiques de confidentialit\u00e9 | Coop\u00e9rAction","robots":{"index":"index","follow":"follow","max-snippet":"max-snippet:-1","max-image-preview":"max-image-preview:large","max-video-preview":"max-video-preview:-1"},"canonical":"https:\/\/cooperact.org\/en\/politiques-de-confidentialite\/","og_locale":"en_US","og_type":"article","og_title":"Politiques de confidentialit\u00e9 | Coop\u00e9rAction","og_description":"Derni\u00e8re mise \u00e0 jour : 8 ao\u00fbt 2025 Le site CooperAct.org est g\u00e9r\u00e9 par l&rsquo;organisme \u00ab\u00a0Association Jeunes d&rsquo;Atlas\u00a0\u00bb bas\u00e9 \u00e0 l\u2019adresse suivante :RN10, Complexe socio-\u00e9ducatif Mhaita, Taroudant, MA 83000Courriel : jeunesdatlasinfo@gmail.com Nous accordons une grande importance \u00e0 la confidentialit\u00e9 de nos visiteurs. Cette page vise \u00e0 vous informer de mani\u00e8re transparente sur la collecte et [&hellip;]","og_url":"https:\/\/cooperact.org\/en\/politiques-de-confidentialite\/","og_site_name":"Coop\u00e9rAction","article_modified_time":"2025-08-08T19:04:00+00:00","og_image":[{"width":2560,"height":1766,"url":"https:\/\/cooperact.org\/wp-content\/uploads\/2025\/07\/mainpict3-scaled.jpg","type":"image\/jpeg"}],"twitter_card":"summary_large_image","twitter_misc":{"Est. reading time":"2 minutes"},"schema":{"@context":"https:\/\/schema.org","@graph":[{"@type":"WebPage","@id":"https:\/\/cooperact.org\/politiques-de-confidentialite\/","url":"https:\/\/cooperact.org\/politiques-de-confidentialite\/","name":"Politiques de confidentialit\u00e9 | Coop\u00e9rAction","isPartOf":{"@id":"http:\/\/cooperact.org\/#website"},"datePublished":"2025-07-05T18:31:44+00:00","dateModified":"2025-08-08T19:04:00+00:00","breadcrumb":{"@id":"https:\/\/cooperact.org\/politiques-de-confidentialite\/#breadcrumb"},"inLanguage":"en-US","potentialAction":[{"@type":"ReadAction","target":["https:\/\/cooperact.org\/politiques-de-confidentialite\/"]}]},{"@type":"BreadcrumbList","@id":"https:\/\/cooperact.org\/politiques-de-confidentialite\/#breadcrumb","itemListElement":[{"@type":"ListItem","position":1,"name":"Home","item":"https:\/\/cooperact.org\/"},{"@type":"ListItem","position":2,"name":"Politiques de confidentialit\u00e9"}]},{"@type":"WebSite","@id":"http:\/\/cooperact.org\/#website","url":"http:\/\/cooperact.org\/","name":"Coop\u00e9rAction","description":"Reconstruire durablement, avec les femmes au c\u0153ur de l\u2019action","publisher":{"@id":"http:\/\/cooperact.org\/#organization"},"alternateName":"Coop\u00e9rAction R\u00e9silience","potentialAction":[{"@type":"SearchAction","target":{"@type":"EntryPoint","urlTemplate":"http:\/\/cooperact.org\/?s={search_term_string}"},"query-input":{"@type":"PropertyValueSpecification","valueRequired":true,"valueName":"search_term_string"}}],"inLanguage":"en-US"},{"@type":"Organization","@id":"http:\/\/cooperact.org\/#organization","name":"Coop\u00e9rAction R\u00e9silience","url":"http:\/\/cooperact.org\/","logo":{"@type":"ImageObject","inLanguage":"en-US","@id":"http:\/\/cooperact.org\/#\/schema\/logo\/image\/","url":"https:\/\/cooperact.org\/wp-content\/uploads\/2025\/07\/LOGO-Cooperact-05-scaled.png","contentUrl":"https:\/\/cooperact.org\/wp-content\/uploads\/2025\/07\/LOGO-Cooperact-05-scaled.png","width":2560,"height":2560,"caption":"Coop\u00e9rAction R\u00e9silience"},"image":{"@id":"http:\/\/cooperact.org\/#\/schema\/logo\/image\/"}}]}},"_links":{"self":[{"href":"https:\/\/cooperact.org\/en\/wp-json\/wp\/v2\/pages\/3","targetHints":{"allow":["GET"]}}],"collection":[{"href":"https:\/\/cooperact.org\/en\/wp-json\/wp\/v2\/pages"}],"about":[{"href":"https:\/\/cooperact.org\/en\/wp-json\/wp\/v2\/types\/page"}],"author":[{"embeddable":true,"href":"https:\/\/cooperact.org\/en\/wp-json\/wp\/v2\/users\/1"}],"replies":[{"embeddable":true,"href":"https:\/\/cooperact.org\/en\/wp-json\/wp\/v2\/comments?post=3"}],"version-history":[{"count":5,"href":"https:\/\/cooperact.org\/en\/wp-json\/wp\/v2\/pages\/3\/revisions"}],"predecessor-version":[{"id":618,"href":"https:\/\/cooperact.org\/en\/wp-json\/wp\/v2\/pages\/3\/revisions\/618"}],"wp:attachment":[{"href":"https:\/\/cooperact.org\/en\/wp-json\/wp\/v2\/media?parent=3"}],"curies":[{"name":"wp","href":"https:\/\/api.w.org\/{rel}","templated":true}]}}