{"id":98,"date":"2025-07-05T22:14:33","date_gmt":"2025-07-05T21:14:33","guid":{"rendered":"https:\/\/cooperact.org\/contact\/"},"modified":"2025-08-08T03:53:43","modified_gmt":"2025-08-08T02:53:43","slug":"nous-contacter","status":"publish","type":"page","link":"https:\/\/cooperact.org\/en\/nous-contacter\/","title":{"rendered":"Join us"},"content":{"rendered":"\t\t<div data-elementor-type=\"wp-page\" data-elementor-id=\"98\" class=\"elementor elementor-98\">\n\t\t\t\t\t\t<section class=\"elementor-section elementor-top-section elementor-element elementor-element-bd716de elementor-section-boxed elementor-section-height-default elementor-section-height-default\" data-id=\"bd716de\" data-element_type=\"section\" data-e-type=\"section\" data-settings=\"{&quot;background_background&quot;:&quot;classic&quot;}\">\n\t\t\t\t\t\t<div class=\"elementor-container elementor-column-gap-no\">\n\t\t\t\t\t<div class=\"elementor-column elementor-col-100 elementor-top-column elementor-element elementor-element-59b9cb6\" data-id=\"59b9cb6\" data-element_type=\"column\" data-e-type=\"column\">\n\t\t\t<div class=\"elementor-widget-wrap elementor-element-populated\">\n\t\t\t\t\t\t<div class=\"elementor-element elementor-element-40cc234 elementor-widget elementor-widget-heading\" data-id=\"40cc234\" data-element_type=\"widget\" data-e-type=\"widget\" data-widget_type=\"heading.default\">\n\t\t\t\t\t<h1 class=\"elementor-heading-title elementor-size-default\">Nous joindre<\/h1>\t\t\t\t<\/div>\n\t\t\t\t\t<\/div>\n\t\t<\/div>\n\t\t\t\t\t<\/div>\n\t\t<\/section>\n\t\t\t\t<section class=\"elementor-section elementor-top-section elementor-element elementor-element-853e15e elementor-section-boxed elementor-section-height-default elementor-section-height-default\" data-id=\"853e15e\" data-element_type=\"section\" data-e-type=\"section\" id=\"contact\" data-settings=\"{&quot;background_background&quot;:&quot;classic&quot;}\">\n\t\t\t\t\t\t\t<div class=\"elementor-background-overlay\"><\/div>\n\t\t\t\t\t\t\t<div class=\"elementor-container elementor-column-gap-no\">\n\t\t\t\t\t<div class=\"elementor-column elementor-col-50 elementor-top-column elementor-element elementor-element-883acf2 elementor-invisible\" data-id=\"883acf2\" data-element_type=\"column\" data-e-type=\"column\" data-settings=\"{&quot;animation&quot;:&quot;fadeInLeft&quot;}\">\n\t\t\t<div class=\"elementor-widget-wrap elementor-element-populated\">\n\t\t\t\t\t\t<div class=\"elementor-element elementor-element-8fd5c92 eael-infobox-shape-square eael-infobox-hover-img-shape-square elementor-widget elementor-widget-eael-info-box\" data-id=\"8fd5c92\" data-element_type=\"widget\" data-e-type=\"widget\" data-widget_type=\"eael-info-box.default\">\n\t\t\t\t\t        <div class=\"eael-infobox icon-on-left\">\n\t            <div class=\"infobox-icon\">\n\n                            <img decoding=\"async\" src=\"https:\/\/cooperact.org\/wp-content\/uploads\/2024\/03\/3dbb8b39-map.png\" alt=\"\">\n            \n            \n            \n        <\/div>\n            <div class=\"infobox-content\">\n                    <div class=\"infobox-title-section\">\n                <h2 class=\"title\">Adresse<\/h2>            <\/div>\n            <div><p>RN10, Complexe socio-\u00e9ducatif Mhaita, Taroudant MA 83000<\/p><\/div>        <\/div>\n            <\/div>\n\n\t\t\t\t\t\t<\/div>\n\t\t\t\t<div class=\"elementor-element elementor-element-fa71edf elementor-hidden-desktop elementor-hidden-tablet elementor-hidden-mobile eael-infobox-shape-square eael-infobox-hover-img-shape-square elementor-widget elementor-widget-eael-info-box\" data-id=\"fa71edf\" data-element_type=\"widget\" data-e-type=\"widget\" data-widget_type=\"eael-info-box.default\">\n\t\t\t\t\t        <div class=\"eael-infobox icon-on-left\">\n\t            <div class=\"infobox-icon\">\n\n                            <img decoding=\"async\" src=\"https:\/\/cooperact.org\/wp-content\/uploads\/2024\/03\/3dbb8b39-email.png\" alt=\"\">\n            \n            \n            \n        <\/div>\n            <div class=\"infobox-content\">\n                    <div class=\"infobox-title-section\">\n                <h2 class=\"title\">Courriel<\/h2>            <\/div>\n            <div><p>contact@cooperact.org<\/p><\/div>        <\/div>\n            <\/div>\n\n\t\t\t\t\t\t<\/div>\n\t\t\t\t<div class=\"elementor-element elementor-element-65da04c elementor-hidden-desktop elementor-hidden-tablet elementor-hidden-mobile eael-infobox-shape-square eael-infobox-hover-img-shape-square elementor-widget elementor-widget-eael-info-box\" data-id=\"65da04c\" data-element_type=\"widget\" data-e-type=\"widget\" data-widget_type=\"eael-info-box.default\">\n\t\t\t\t\t        <div class=\"eael-infobox icon-on-left\">\n\t            <div class=\"infobox-icon\">\n\n                            <img decoding=\"async\" src=\"https:\/\/cooperact.org\/wp-content\/uploads\/2024\/03\/97611a83-mobile.png\" alt=\"\">\n            \n            \n            \n        <\/div>\n            <div class=\"infobox-content\">\n                    <div class=\"infobox-title-section\">\n                <h2 class=\"title\">T\u00e9l\u00e9phone<\/h2>            <\/div>\n            <div><p>+212 672 473 292<\/p><p>+212 528 551 550<\/p><\/div>        <\/div>\n            <\/div>\n\n\t\t\t\t\t\t<\/div>\n\t\t\t\t\t<\/div>\n\t\t<\/div>\n\t\t\t\t<div class=\"elementor-column elementor-col-50 elementor-top-column elementor-element elementor-element-bd03544 elementor-invisible\" data-id=\"bd03544\" data-element_type=\"column\" data-e-type=\"column\" data-settings=\"{&quot;animation&quot;:&quot;fadeInUp&quot;}\">\n\t\t\t<div class=\"elementor-widget-wrap elementor-element-populated\">\n\t\t\t\t\t\t<div class=\"elementor-element elementor-element-f6f12ff elementor-invisible elementor-widget elementor-widget-heading\" data-id=\"f6f12ff\" data-element_type=\"widget\" data-e-type=\"widget\" data-settings=\"{&quot;_animation&quot;:&quot;fadeInUp&quot;}\" data-widget_type=\"heading.default\">\n\t\t\t\t\t<h2 class=\"elementor-heading-title elementor-size-default\">Demande d'informations<\/h2>\t\t\t\t<\/div>\n\t\t\t\t<div class=\"elementor-element elementor-element-047ca9f fluentform-widget-submit-button-custom elementor-widget elementor-widget-fluent-form-widget\" data-id=\"047ca9f\" data-element_type=\"widget\" data-e-type=\"widget\" data-widget_type=\"fluent-form-widget.default\">\n\t\t\t\t<div class=\"elementor-widget-container\">\n\t\t\t\t\t\n            <div class=\"fluentform-widget-wrapper hide-fluent-form-labels fluentform-widget-align-default\">\n\n            \n            <div class='fluentform ff-default fluentform_wrapper_1 ffs_default_wrap'><form data-form_id=\"1\" id=\"fluentform_1\" class=\"frm-fluent-form fluent_form_1 ff-el-form-top ff_form_instance_1_1 ff-form-loading ffs_default\" data-form_instance=\"ff_form_instance_1_1\" method=\"POST\" ><fieldset  style=\"border: none!important;margin: 0!important;padding: 0!important;background-color: transparent!important;box-shadow: none!important;outline: none!important; min-inline-size: 100%;\">\n                    <legend class=\"ff_screen_reader_title\" style=\"display: block; margin: 0!important;padding: 0!important;height: 0!important;text-indent: -999999px;width: 0!important;overflow:hidden;\">Contact Form<\/legend><input type='hidden' name='__fluent_form_embded_post_id' value='98' \/><input type=\"hidden\" id=\"_fluentform_1_fluentformnonce\" name=\"_fluentform_1_fluentformnonce\" value=\"0c2aaab82b\" \/><input type=\"hidden\" name=\"_wp_http_referer\" value=\"\/en\/wp-json\/wp\/v2\/pages\/98\" \/><div data-type=\"name-element\" data-name=\"names\" class=\" ff-field_container ff-name-field-wrapper\" ><div class='ff-t-container'><div class='ff-t-cell '><div class='ff-el-group'><div class=\"ff-el-input--label asterisk-right\"><label for='ff_1_names_first_name_' id='label_ff_1_names_first_name_' >Pr\u00e9nom<\/label><\/div><div class='ff-el-input--content'><input type=\"text\" name=\"names[first_name]\" id=\"ff_1_names_first_name_\" class=\"ff-el-form-control\" placeholder=\"Pr\u00e9nom\" aria-invalid=\"false\" aria-required=false><\/div><\/div><\/div><div class='ff-t-cell '><div class='ff-el-group'><div class=\"ff-el-input--label ff-el-is-required asterisk-right\"><label for='ff_1_names_last_name_' id='label_ff_1_names_last_name_' >Nom<\/label><\/div><div class='ff-el-input--content'><input type=\"text\" name=\"names[last_name]\" id=\"ff_1_names_last_name_\" class=\"ff-el-form-control\" placeholder=\"Nom\" aria-invalid=\"false\" aria-required=true><\/div><\/div><\/div><\/div><\/div><div class='ff-el-group'><div class=\"ff-el-input--label ff-el-is-required asterisk-right\"><label for='ff_1_email' id='label_ff_1_email' aria-label=\"Adresse e-mail\">Adresse e-mail<\/label><\/div><div class='ff-el-input--content'><input type=\"email\" name=\"email\" id=\"ff_1_email\" class=\"ff-el-form-control\" placeholder=\"Adresse e-mail\" data-name=\"email\"  aria-invalid=\"false\" aria-required=true><\/div><\/div><div class='ff-el-group'><div class=\"ff-el-input--label ff-el-is-required asterisk-right\"><label for='ff_1_subject' id='label_ff_1_subject' aria-label=\"Subject\">Subject<\/label><\/div><div class='ff-el-input--content'><input type=\"text\" name=\"subject\" class=\"ff-el-form-control\" placeholder=\"Sujet\" data-name=\"subject\" id=\"ff_1_subject\"  aria-invalid=\"false\" aria-required=true><\/div><\/div><div class='ff-el-group'><div class=\"ff-el-input--label ff-el-is-required asterisk-right\"><label for='ff_1_message' id='label_ff_1_message' aria-label=\"Message\">Message<\/label><\/div><div class='ff-el-input--content'><textarea aria-required=\"true\" aria-labelledby=\"label_ff_1_message\" name=\"message\" id=\"ff_1_message\" class=\"ff-el-form-control\" placeholder=\"Votre message ..\" rows=\"4\" cols=\"2\" data-name=\"message\" ><\/textarea><\/div><\/div><div class='ff-el-group ' ><div class='ff-el-input--content'><div data-fluent_id='1' name='g-recaptcha-response'><div\n\t\tdata-sitekey='6LejqFgsAAAAAJjukptBqKUVetHhHNjh2A4EdIBk'\n\t\tid='fluentform-recaptcha-1-1'\n\t\tclass='ff-el-recaptcha g-recaptcha'\n\t\tdata-callback='fluentFormrecaptchaSuccessCallback'><\/div><\/div><\/div><\/div><div class='ff-el-group ff-text-left ff_submit_btn_wrapper'><button type=\"submit\" class=\"ff-btn ff-btn-submit ff-btn-md ff_btn_style\"  aria-label=\"Envoyer\">Envoyer<\/button><\/div><\/fieldset><\/form><div id='fluentform_1_errors' class='ff-errors-in-stack ff_form_instance_1_1 ff-form-loading_errors ff_form_instance_1_1_errors'><\/div><\/div>            <script type=\"text\/javascript\">\n                window.fluent_form_ff_form_instance_1_1 = {\"id\":\"1\",\"ajaxUrl\":\"https:\\\/\\\/cooperact.org\\\/wp-admin\\\/admin-ajax.php\",\"settings\":{\"layout\":{\"labelPlacement\":\"top\",\"helpMessagePlacement\":\"with_label\",\"errorMessagePlacement\":\"inline\",\"cssClassName\":\"\",\"asteriskPlacement\":\"asterisk-right\"},\"restrictions\":{\"denyEmptySubmission\":{\"enabled\":false}}},\"form_instance\":\"ff_form_instance_1_1\",\"form_id_selector\":\"fluentform_1\",\"rules\":{\"names[first_name]\":{\"required\":{\"value\":false,\"message\":\"This field is required\",\"global\":false,\"global_message\":\"This field is required\"}},\"names[middle_name]\":{\"required\":{\"value\":false,\"message\":\"This field is required\",\"global\":false,\"global_message\":\"This field is required\"}},\"names[last_name]\":{\"required\":{\"value\":true,\"message\":\"Ce champ est obligatoire\",\"global\":false,\"global_message\":\"This field is required\"}},\"email\":{\"required\":{\"value\":true,\"message\":\"Ce champ est obligatoire\",\"global\":false,\"global_message\":\"This field is required\"},\"email\":{\"value\":true,\"message\":\"This field must contain a valid email\",\"global\":false,\"global_message\":\"This field must contain a valid email\"}},\"subject\":{\"required\":{\"value\":true,\"message\":\"Ce champ est obligatoire\",\"global\":false,\"global_message\":\"This field is required\"}},\"message\":{\"required\":{\"value\":true,\"message\":\"Ce champ est obligatoire\",\"global\":false,\"global_message\":\"This field is required\"}},\"g-recaptcha-response\":[]},\"debounce_time\":300};\n                            <\/script>\n                        <\/div>\n\n            \t\t\t\t<\/div>\n\t\t\t\t<\/div>\n\t\t\t\t\t<\/div>\n\t\t<\/div>\n\t\t\t\t\t<\/div>\n\t\t<\/section>\n\t\t\t\t<section class=\"elementor-section elementor-top-section elementor-element elementor-element-5bacbfc elementor-section-full_width elementor-section-height-default elementor-section-height-default\" data-id=\"5bacbfc\" data-element_type=\"section\" data-e-type=\"section\">\n\t\t\t\t\t\t<div class=\"elementor-container elementor-column-gap-no\">\n\t\t\t\t\t<div class=\"elementor-column elementor-col-100 elementor-top-column elementor-element elementor-element-6a1648a\" data-id=\"6a1648a\" data-element_type=\"column\" data-e-type=\"column\">\n\t\t\t<div class=\"elementor-widget-wrap elementor-element-populated\">\n\t\t\t\t\t\t<div class=\"elementor-element elementor-element-5228597 elementor-widget elementor-widget-google_maps\" data-id=\"5228597\" data-element_type=\"widget\" data-e-type=\"widget\" data-widget_type=\"google_maps.default\">\n\t\t\t\t\t\t\t<div class=\"elementor-custom-embed\">\n\t\t\t<iframe loading=\"lazy\"\n\t\t\t\t\tsrc=\"https:\/\/maps.google.com\/maps?q=RN10%2C%20Complexe%20socio-%C3%A9ducatif%20Mhaita%2C%20Taroudant%20MA%2083000&#038;t=m&#038;z=13&#038;output=embed&#038;iwloc=near\"\n\t\t\t\t\ttitle=\"RN10, Complexe socio-\u00e9ducatif Mhaita, Taroudant MA 83000\"\n\t\t\t\t\taria-label=\"RN10, Complexe socio-\u00e9ducatif Mhaita, Taroudant MA 83000\"\n\t\t\t><\/iframe>\n\t\t<\/div>\n\t\t\t\t\t\t<\/div>\n\t\t\t\t\t<\/div>\n\t\t<\/div>\n\t\t\t\t\t<\/div>\n\t\t<\/section>\n\t\t\t\t<\/div>\n\t\t","protected":false},"excerpt":{"rendered":"<p>Nous joindre Adresse RN10, Complexe socio-\u00e9ducatif Mhaita, Taroudant MA 83000 Courriel contact@cooperact.org T\u00e9l\u00e9phone +212 672 473 292 +212 528 551 550 Demande d&rsquo;informations Contact Form Demo Pr\u00e9nomNomAdresse e-mailSubjectMessageEnvoyer<\/p>","protected":false},"author":1,"featured_media":170,"parent":0,"menu_order":0,"comment_status":"closed","ping_status":"closed","template":"elementor_header_footer","meta":{"_eb_attr":"","footnotes":""},"class_list":["post-98","page","type-page","status-publish","has-post-thumbnail","hentry"],"yoast_head":"<!-- This site is optimized with the Yoast SEO plugin v27.5 - https:\/\/yoast.com\/product\/yoast-seo-wordpress\/ -->\n<title>Nous joindre | Coop\u00e9rAction<\/title>\n<meta name=\"robots\" content=\"index, follow, max-snippet:-1, max-image-preview:large, max-video-preview:-1\" \/>\n<link rel=\"canonical\" href=\"http:\/\/cooperact.org\/en\/nous-contacter\/\" \/>\n<meta property=\"og:locale\" content=\"en_US\" \/>\n<meta property=\"og:type\" content=\"article\" \/>\n<meta property=\"og:title\" content=\"Nous joindre | Coop\u00e9rAction\" \/>\n<meta property=\"og:description\" content=\"Nous joindre Adresse RN10, Complexe socio-\u00e9ducatif Mhaita, Taroudant MA 83000 Courriel contact@cooperact.org T\u00e9l\u00e9phone +212 672 473 292 +212 528 551 550 Demande d&rsquo;informations Contact Form Demo Pr\u00e9nomNomAdresse e-mailSubjectMessageEnvoyer\" \/>\n<meta property=\"og:url\" content=\"http:\/\/cooperact.org\/en\/nous-contacter\/\" \/>\n<meta property=\"og:site_name\" content=\"Coop\u00e9rAction\" \/>\n<meta property=\"article:modified_time\" content=\"2025-08-08T02:53:43+00:00\" \/>\n<meta property=\"og:image\" content=\"http:\/\/cooperact.org\/wp-content\/uploads\/2025\/07\/mainpict-1-scaled.jpg\" \/>\n\t<meta property=\"og:image:width\" content=\"2560\" \/>\n\t<meta property=\"og:image:height\" content=\"1766\" \/>\n\t<meta property=\"og:image:type\" content=\"image\/jpeg\" \/>\n<meta name=\"twitter:card\" content=\"summary_large_image\" \/>\n<meta name=\"twitter:label1\" content=\"Est. reading time\" \/>\n\t<meta name=\"twitter:data1\" content=\"1 minute\" \/>\n<script type=\"application\/ld+json\" class=\"yoast-schema-graph\">{\"@context\":\"https:\\\/\\\/schema.org\",\"@graph\":[{\"@type\":\"WebPage\",\"@id\":\"http:\\\/\\\/cooperact.org\\\/nous-contacter\\\/\",\"url\":\"http:\\\/\\\/cooperact.org\\\/nous-contacter\\\/\",\"name\":\"Nous joindre | Coop\u00e9rAction\",\"isPartOf\":{\"@id\":\"http:\\\/\\\/cooperact.org\\\/#website\"},\"primaryImageOfPage\":{\"@id\":\"http:\\\/\\\/cooperact.org\\\/nous-contacter\\\/#primaryimage\"},\"image\":{\"@id\":\"http:\\\/\\\/cooperact.org\\\/nous-contacter\\\/#primaryimage\"},\"thumbnailUrl\":\"https:\\\/\\\/cooperact.org\\\/wp-content\\\/uploads\\\/2025\\\/07\\\/mainpict-1-scaled.jpg\",\"datePublished\":\"2025-07-05T21:14:33+00:00\",\"dateModified\":\"2025-08-08T02:53:43+00:00\",\"breadcrumb\":{\"@id\":\"http:\\\/\\\/cooperact.org\\\/nous-contacter\\\/#breadcrumb\"},\"inLanguage\":\"en-US\",\"potentialAction\":[{\"@type\":\"ReadAction\",\"target\":[\"http:\\\/\\\/cooperact.org\\\/nous-contacter\\\/\"]}]},{\"@type\":\"ImageObject\",\"inLanguage\":\"en-US\",\"@id\":\"http:\\\/\\\/cooperact.org\\\/nous-contacter\\\/#primaryimage\",\"url\":\"https:\\\/\\\/cooperact.org\\\/wp-content\\\/uploads\\\/2025\\\/07\\\/mainpict-1-scaled.jpg\",\"contentUrl\":\"https:\\\/\\\/cooperact.org\\\/wp-content\\\/uploads\\\/2025\\\/07\\\/mainpict-1-scaled.jpg\",\"width\":2560,\"height\":1766},{\"@type\":\"BreadcrumbList\",\"@id\":\"http:\\\/\\\/cooperact.org\\\/nous-contacter\\\/#breadcrumb\",\"itemListElement\":[{\"@type\":\"ListItem\",\"position\":1,\"name\":\"Home\",\"item\":\"https:\\\/\\\/cooperact.org\\\/\"},{\"@type\":\"ListItem\",\"position\":2,\"name\":\"Nous joindre\"}]},{\"@type\":\"WebSite\",\"@id\":\"http:\\\/\\\/cooperact.org\\\/#website\",\"url\":\"http:\\\/\\\/cooperact.org\\\/\",\"name\":\"Coop\u00e9rAction\",\"description\":\"Reconstruire durablement, avec les femmes au c\u0153ur de l\u2019action\",\"publisher\":{\"@id\":\"http:\\\/\\\/cooperact.org\\\/#organization\"},\"alternateName\":\"Coop\u00e9rAction R\u00e9silience\",\"potentialAction\":[{\"@type\":\"SearchAction\",\"target\":{\"@type\":\"EntryPoint\",\"urlTemplate\":\"http:\\\/\\\/cooperact.org\\\/?s={search_term_string}\"},\"query-input\":{\"@type\":\"PropertyValueSpecification\",\"valueRequired\":true,\"valueName\":\"search_term_string\"}}],\"inLanguage\":\"en-US\"},{\"@type\":\"Organization\",\"@id\":\"http:\\\/\\\/cooperact.org\\\/#organization\",\"name\":\"Coop\u00e9rAction R\u00e9silience\",\"url\":\"http:\\\/\\\/cooperact.org\\\/\",\"logo\":{\"@type\":\"ImageObject\",\"inLanguage\":\"en-US\",\"@id\":\"http:\\\/\\\/cooperact.org\\\/#\\\/schema\\\/logo\\\/image\\\/\",\"url\":\"https:\\\/\\\/cooperact.org\\\/wp-content\\\/uploads\\\/2025\\\/07\\\/LOGO-Cooperact-05-scaled.png\",\"contentUrl\":\"https:\\\/\\\/cooperact.org\\\/wp-content\\\/uploads\\\/2025\\\/07\\\/LOGO-Cooperact-05-scaled.png\",\"width\":2560,\"height\":2560,\"caption\":\"Coop\u00e9rAction R\u00e9silience\"},\"image\":{\"@id\":\"http:\\\/\\\/cooperact.org\\\/#\\\/schema\\\/logo\\\/image\\\/\"}}]}<\/script>\n<!-- \/ Yoast SEO plugin. -->","yoast_head_json":{"title":"Nous joindre | Coop\u00e9rAction","robots":{"index":"index","follow":"follow","max-snippet":"max-snippet:-1","max-image-preview":"max-image-preview:large","max-video-preview":"max-video-preview:-1"},"canonical":"http:\/\/cooperact.org\/en\/nous-contacter\/","og_locale":"en_US","og_type":"article","og_title":"Nous joindre | Coop\u00e9rAction","og_description":"Nous joindre Adresse RN10, Complexe socio-\u00e9ducatif Mhaita, Taroudant MA 83000 Courriel contact@cooperact.org T\u00e9l\u00e9phone +212 672 473 292 +212 528 551 550 Demande d&rsquo;informations Contact Form Demo Pr\u00e9nomNomAdresse e-mailSubjectMessageEnvoyer","og_url":"http:\/\/cooperact.org\/en\/nous-contacter\/","og_site_name":"Coop\u00e9rAction","article_modified_time":"2025-08-08T02:53:43+00:00","og_image":[{"width":2560,"height":1766,"url":"http:\/\/cooperact.org\/wp-content\/uploads\/2025\/07\/mainpict-1-scaled.jpg","type":"image\/jpeg"}],"twitter_card":"summary_large_image","twitter_misc":{"Est. reading time":"1 minute"},"schema":{"@context":"https:\/\/schema.org","@graph":[{"@type":"WebPage","@id":"http:\/\/cooperact.org\/nous-contacter\/","url":"http:\/\/cooperact.org\/nous-contacter\/","name":"Nous joindre | Coop\u00e9rAction","isPartOf":{"@id":"http:\/\/cooperact.org\/#website"},"primaryImageOfPage":{"@id":"http:\/\/cooperact.org\/nous-contacter\/#primaryimage"},"image":{"@id":"http:\/\/cooperact.org\/nous-contacter\/#primaryimage"},"thumbnailUrl":"https:\/\/cooperact.org\/wp-content\/uploads\/2025\/07\/mainpict-1-scaled.jpg","datePublished":"2025-07-05T21:14:33+00:00","dateModified":"2025-08-08T02:53:43+00:00","breadcrumb":{"@id":"http:\/\/cooperact.org\/nous-contacter\/#breadcrumb"},"inLanguage":"en-US","potentialAction":[{"@type":"ReadAction","target":["http:\/\/cooperact.org\/nous-contacter\/"]}]},{"@type":"ImageObject","inLanguage":"en-US","@id":"http:\/\/cooperact.org\/nous-contacter\/#primaryimage","url":"https:\/\/cooperact.org\/wp-content\/uploads\/2025\/07\/mainpict-1-scaled.jpg","contentUrl":"https:\/\/cooperact.org\/wp-content\/uploads\/2025\/07\/mainpict-1-scaled.jpg","width":2560,"height":1766},{"@type":"BreadcrumbList","@id":"http:\/\/cooperact.org\/nous-contacter\/#breadcrumb","itemListElement":[{"@type":"ListItem","position":1,"name":"Home","item":"https:\/\/cooperact.org\/"},{"@type":"ListItem","position":2,"name":"Nous joindre"}]},{"@type":"WebSite","@id":"http:\/\/cooperact.org\/#website","url":"http:\/\/cooperact.org\/","name":"Coop\u00e9rAction","description":"Reconstruire durablement, avec les femmes au c\u0153ur de l\u2019action","publisher":{"@id":"http:\/\/cooperact.org\/#organization"},"alternateName":"Coop\u00e9rAction R\u00e9silience","potentialAction":[{"@type":"SearchAction","target":{"@type":"EntryPoint","urlTemplate":"http:\/\/cooperact.org\/?s={search_term_string}"},"query-input":{"@type":"PropertyValueSpecification","valueRequired":true,"valueName":"search_term_string"}}],"inLanguage":"en-US"},{"@type":"Organization","@id":"http:\/\/cooperact.org\/#organization","name":"Coop\u00e9rAction R\u00e9silience","url":"http:\/\/cooperact.org\/","logo":{"@type":"ImageObject","inLanguage":"en-US","@id":"http:\/\/cooperact.org\/#\/schema\/logo\/image\/","url":"https:\/\/cooperact.org\/wp-content\/uploads\/2025\/07\/LOGO-Cooperact-05-scaled.png","contentUrl":"https:\/\/cooperact.org\/wp-content\/uploads\/2025\/07\/LOGO-Cooperact-05-scaled.png","width":2560,"height":2560,"caption":"Coop\u00e9rAction R\u00e9silience"},"image":{"@id":"http:\/\/cooperact.org\/#\/schema\/logo\/image\/"}}]}},"_links":{"self":[{"href":"https:\/\/cooperact.org\/en\/wp-json\/wp\/v2\/pages\/98","targetHints":{"allow":["GET"]}}],"collection":[{"href":"https:\/\/cooperact.org\/en\/wp-json\/wp\/v2\/pages"}],"about":[{"href":"https:\/\/cooperact.org\/en\/wp-json\/wp\/v2\/types\/page"}],"author":[{"embeddable":true,"href":"https:\/\/cooperact.org\/en\/wp-json\/wp\/v2\/users\/1"}],"replies":[{"embeddable":true,"href":"https:\/\/cooperact.org\/en\/wp-json\/wp\/v2\/comments?post=98"}],"version-history":[{"count":5,"href":"https:\/\/cooperact.org\/en\/wp-json\/wp\/v2\/pages\/98\/revisions"}],"predecessor-version":[{"id":573,"href":"https:\/\/cooperact.org\/en\/wp-json\/wp\/v2\/pages\/98\/revisions\/573"}],"wp:featuredmedia":[{"embeddable":true,"href":"https:\/\/cooperact.org\/en\/wp-json\/wp\/v2\/media\/170"}],"wp:attachment":[{"href":"https:\/\/cooperact.org\/en\/wp-json\/wp\/v2\/media?parent=98"}],"curies":[{"name":"wp","href":"https:\/\/api.w.org\/{rel}","templated":true}]}}